{"id":365,"date":"2022-05-06T12:07:40","date_gmt":"2022-05-06T12:07:40","guid":{"rendered":"https:\/\/poronponpon.com\/producto\/cd-canciones-bebes-personalizadas\/"},"modified":"2022-05-09T11:02:15","modified_gmt":"2022-05-09T11:02:15","slug":"cd-canciones-bebes-personalizadas","status":"publish","type":"product","link":"https:\/\/poronponpon.com\/fr\/producto\/cd-canciones-bebes-personalizadas\/","title":{"rendered":"CD de 5 canciones personalizadas para beb\u00e9s en \ud83c\uddea\ud83c\uddf8"},"content":{"rendered":"","protected":false},"excerpt":{"rendered":"<p><strong>El \u00e1lbum musical que canta el nombre de tu peque.<\/strong><\/p>\n<p>1 &#8211; La marcha de los animales<\/p>\n<p>2 &#8211; La abejita risue\u00f1a<\/p>\n<p>3 &#8211; El mondo marino<\/p>\n<p>4- La cumbia del amor<\/p>\n<p><em>Env\u00edo en toda Europa*<\/em><\/p>\n<p>5- El bolero de los sue\u00f1os<\/p>\n","protected":false},"featured_media":317,"comment_status":"closed","ping_status":"closed","template":"","meta":[],"product_cat":[17],"product_tag":[],"class_list":{"0":"post-365","1":"product","2":"type-product","3":"status-publish","4":"has-post-thumbnail","6":"product_cat-sin-categorizar","8":"first","9":"instock","10":"featured","11":"shipping-taxable","12":"purchasable","13":"product-type-variable"},"yoast_head":"<!-- This site is optimized with the Yoast SEO Premium plugin v16.6 (Yoast SEO v21.9.1) - https:\/\/yoast.com\/wordpress\/plugins\/seo\/ -->\n<title>CD de 5 canciones personalizadas para beb\u00e9s en \ud83c\uddea\ud83c\uddf8 - Poronponpon Music<\/title>\n<meta name=\"robots\" content=\"index, follow, max-snippet:-1, max-image-preview:large, max-video-preview:-1\" \/>\n<link rel=\"canonical\" href=\"https:\/\/poronponpon.com\/fr\/producto\/cd-canciones-bebes-personalizadas\/\" \/>\n<meta property=\"og:locale\" content=\"fr_FR\" \/>\n<meta property=\"og:type\" content=\"article\" \/>\n<meta property=\"og:title\" content=\"CD de 5 canciones personalizadas para beb\u00e9s en \ud83c\uddea\ud83c\uddf8\" \/>\n<meta property=\"og:description\" content=\"El \u00e1lbum musical que canta el nombre de tu peque.  1 - La marcha de los animales  2 - La abejita risue\u00f1a  3 - El mondo marino  4- La cumbia del amor  Env\u00edo en toda Europa*  5- El bolero de los sue\u00f1os\" \/>\n<meta property=\"og:url\" content=\"https:\/\/poronponpon.com\/fr\/producto\/cd-canciones-bebes-personalizadas\/\" \/>\n<meta property=\"og:site_name\" content=\"Poronponpon Music\" \/>\n<meta property=\"article:modified_time\" content=\"2022-05-09T11:02:15+00:00\" \/>\n<meta property=\"og:image\" content=\"https:\/\/poronponpon.com\/wp-content\/uploads\/2022\/05\/Cd-funda-espanoltransparente-1.png\" \/>\n\t<meta property=\"og:image:width\" content=\"943\" \/>\n\t<meta property=\"og:image:height\" content=\"754\" \/>\n\t<meta property=\"og:image:type\" content=\"image\/png\" \/>\n<meta name=\"twitter:card\" content=\"summary_large_image\" \/>\n<script type=\"application\/ld+json\" class=\"yoast-schema-graph\">{\"@context\":\"https:\/\/schema.org\",\"@graph\":[{\"@type\":\"WebPage\",\"@id\":\"https:\/\/poronponpon.com\/fr\/producto\/cd-canciones-bebes-personalizadas\/\",\"url\":\"https:\/\/poronponpon.com\/fr\/producto\/cd-canciones-bebes-personalizadas\/\",\"name\":\"CD de 5 canciones personalizadas para beb\u00e9s en \ud83c\uddea\ud83c\uddf8 - Poronponpon Music\",\"isPartOf\":{\"@id\":\"https:\/\/poronponpon.com\/fr\/#website\"},\"datePublished\":\"2022-05-06T12:07:40+00:00\",\"dateModified\":\"2022-05-09T11:02:15+00:00\",\"breadcrumb\":{\"@id\":\"https:\/\/poronponpon.com\/fr\/producto\/cd-canciones-bebes-personalizadas\/#breadcrumb\"},\"inLanguage\":\"fr-FR\",\"potentialAction\":[{\"@type\":\"ReadAction\",\"target\":[\"https:\/\/poronponpon.com\/fr\/producto\/cd-canciones-bebes-personalizadas\/\"]}]},{\"@type\":\"BreadcrumbList\",\"@id\":\"https:\/\/poronponpon.com\/fr\/producto\/cd-canciones-bebes-personalizadas\/#breadcrumb\",\"itemListElement\":[{\"@type\":\"ListItem\",\"position\":1,\"name\":\"Portada\",\"item\":\"https:\/\/poronponpon.com\/fr\/\"},{\"@type\":\"ListItem\",\"position\":2,\"name\":\"Tienda\",\"item\":\"https:\/\/poronponpon.com\/tienda\/\"},{\"@type\":\"ListItem\",\"position\":3,\"name\":\"CD de 5 canciones personalizadas para beb\u00e9s en \ud83c\uddea\ud83c\uddf8\"}]},{\"@type\":\"WebSite\",\"@id\":\"https:\/\/poronponpon.com\/fr\/#website\",\"url\":\"https:\/\/poronponpon.com\/fr\/\",\"name\":\"Poronponpon Music\",\"description\":\"CD de Canciones personalizadas para beb\u00e9s y ni\u00f1os\",\"publisher\":{\"@id\":\"https:\/\/poronponpon.com\/fr\/#organization\"},\"potentialAction\":[{\"@type\":\"SearchAction\",\"target\":{\"@type\":\"EntryPoint\",\"urlTemplate\":\"https:\/\/poronponpon.com\/fr\/?s={search_term_string}\"},\"query-input\":\"required name=search_term_string\"}],\"inLanguage\":\"fr-FR\"},{\"@type\":\"Organization\",\"@id\":\"https:\/\/poronponpon.com\/fr\/#organization\",\"name\":\"Poronponpon Music\",\"url\":\"https:\/\/poronponpon.com\/fr\/\",\"logo\":{\"@type\":\"ImageObject\",\"inLanguage\":\"fr-FR\",\"@id\":\"https:\/\/poronponpon.com\/fr\/#\/schema\/logo\/image\/\",\"url\":\"https:\/\/poronponpon.com\/wp-content\/uploads\/2022\/05\/PoronPonPon_logo2.png\",\"contentUrl\":\"https:\/\/poronponpon.com\/wp-content\/uploads\/2022\/05\/PoronPonPon_logo2.png\",\"width\":200,\"height\":112,\"caption\":\"Poronponpon Music\"},\"image\":{\"@id\":\"https:\/\/poronponpon.com\/fr\/#\/schema\/logo\/image\/\"},\"sameAs\":[\"https:\/\/www.instagram.com\/poronponpon.music\/?hl=fr\"]}]}<\/script>\n<!-- \/ Yoast SEO Premium plugin. -->","yoast_head_json":{"title":"CD de 5 canciones personalizadas para beb\u00e9s en \ud83c\uddea\ud83c\uddf8 - Poronponpon Music","robots":{"index":"index","follow":"follow","max-snippet":"max-snippet:-1","max-image-preview":"max-image-preview:large","max-video-preview":"max-video-preview:-1"},"canonical":"https:\/\/poronponpon.com\/fr\/producto\/cd-canciones-bebes-personalizadas\/","og_locale":"fr_FR","og_type":"article","og_title":"CD de 5 canciones personalizadas para beb\u00e9s en \ud83c\uddea\ud83c\uddf8","og_description":"El \u00e1lbum musical que canta el nombre de tu peque.  1 - La marcha de los animales  2 - La abejita risue\u00f1a  3 - El mondo marino  4- La cumbia del amor  Env\u00edo en toda Europa*  5- El bolero de los sue\u00f1os","og_url":"https:\/\/poronponpon.com\/fr\/producto\/cd-canciones-bebes-personalizadas\/","og_site_name":"Poronponpon Music","article_modified_time":"2022-05-09T11:02:15+00:00","og_image":[{"width":943,"height":754,"url":"https:\/\/poronponpon.com\/wp-content\/uploads\/2022\/05\/Cd-funda-espanoltransparente-1.png","type":"image\/png"}],"twitter_card":"summary_large_image","schema":{"@context":"https:\/\/schema.org","@graph":[{"@type":"WebPage","@id":"https:\/\/poronponpon.com\/fr\/producto\/cd-canciones-bebes-personalizadas\/","url":"https:\/\/poronponpon.com\/fr\/producto\/cd-canciones-bebes-personalizadas\/","name":"CD de 5 canciones personalizadas para beb\u00e9s en \ud83c\uddea\ud83c\uddf8 - Poronponpon Music","isPartOf":{"@id":"https:\/\/poronponpon.com\/fr\/#website"},"datePublished":"2022-05-06T12:07:40+00:00","dateModified":"2022-05-09T11:02:15+00:00","breadcrumb":{"@id":"https:\/\/poronponpon.com\/fr\/producto\/cd-canciones-bebes-personalizadas\/#breadcrumb"},"inLanguage":"fr-FR","potentialAction":[{"@type":"ReadAction","target":["https:\/\/poronponpon.com\/fr\/producto\/cd-canciones-bebes-personalizadas\/"]}]},{"@type":"BreadcrumbList","@id":"https:\/\/poronponpon.com\/fr\/producto\/cd-canciones-bebes-personalizadas\/#breadcrumb","itemListElement":[{"@type":"ListItem","position":1,"name":"Portada","item":"https:\/\/poronponpon.com\/fr\/"},{"@type":"ListItem","position":2,"name":"Tienda","item":"https:\/\/poronponpon.com\/tienda\/"},{"@type":"ListItem","position":3,"name":"CD de 5 canciones personalizadas para beb\u00e9s en \ud83c\uddea\ud83c\uddf8"}]},{"@type":"WebSite","@id":"https:\/\/poronponpon.com\/fr\/#website","url":"https:\/\/poronponpon.com\/fr\/","name":"Poronponpon Music","description":"CD de Canciones personalizadas para beb\u00e9s y ni\u00f1os","publisher":{"@id":"https:\/\/poronponpon.com\/fr\/#organization"},"potentialAction":[{"@type":"SearchAction","target":{"@type":"EntryPoint","urlTemplate":"https:\/\/poronponpon.com\/fr\/?s={search_term_string}"},"query-input":"required name=search_term_string"}],"inLanguage":"fr-FR"},{"@type":"Organization","@id":"https:\/\/poronponpon.com\/fr\/#organization","name":"Poronponpon Music","url":"https:\/\/poronponpon.com\/fr\/","logo":{"@type":"ImageObject","inLanguage":"fr-FR","@id":"https:\/\/poronponpon.com\/fr\/#\/schema\/logo\/image\/","url":"https:\/\/poronponpon.com\/wp-content\/uploads\/2022\/05\/PoronPonPon_logo2.png","contentUrl":"https:\/\/poronponpon.com\/wp-content\/uploads\/2022\/05\/PoronPonPon_logo2.png","width":200,"height":112,"caption":"Poronponpon Music"},"image":{"@id":"https:\/\/poronponpon.com\/fr\/#\/schema\/logo\/image\/"},"sameAs":["https:\/\/www.instagram.com\/poronponpon.music\/?hl=fr"]}]}},"jetpack_sharing_enabled":true,"_links":{"self":[{"href":"https:\/\/poronponpon.com\/fr\/wp-json\/wp\/v2\/product\/365","targetHints":{"allow":["GET"]}}],"collection":[{"href":"https:\/\/poronponpon.com\/fr\/wp-json\/wp\/v2\/product"}],"about":[{"href":"https:\/\/poronponpon.com\/fr\/wp-json\/wp\/v2\/types\/product"}],"replies":[{"embeddable":true,"href":"https:\/\/poronponpon.com\/fr\/wp-json\/wp\/v2\/comments?post=365"}],"version-history":[{"count":0,"href":"https:\/\/poronponpon.com\/fr\/wp-json\/wp\/v2\/product\/365\/revisions"}],"wp:featuredmedia":[{"embeddable":true,"href":"https:\/\/poronponpon.com\/fr\/wp-json\/wp\/v2\/media\/317"}],"wp:attachment":[{"href":"https:\/\/poronponpon.com\/fr\/wp-json\/wp\/v2\/media?parent=365"}],"wp:term":[{"taxonomy":"product_cat","embeddable":true,"href":"https:\/\/poronponpon.com\/fr\/wp-json\/wp\/v2\/product_cat?post=365"},{"taxonomy":"product_tag","embeddable":true,"href":"https:\/\/poronponpon.com\/fr\/wp-json\/wp\/v2\/product_tag?post=365"}],"curies":[{"name":"wp","href":"https:\/\/api.w.org\/{rel}","templated":true}]}}